{"id":205,"date":"2020-05-25T15:04:55","date_gmt":"2020-05-25T13:04:55","guid":{"rendered":"https:\/\/tobiasfem.hu\/femszerkezet-gyartas\/"},"modified":"2025-05-06T12:42:10","modified_gmt":"2025-05-06T10:42:10","slug":"metal-structures","status":"publish","type":"page","link":"https:\/\/tobiasfem.hu\/en\/metal-structures\/","title":{"rendered":"Metal structures"},"content":{"rendered":"\n<div class=\"wp-block-group\"><div class=\"wp-block-group__inner-container is-layout-flow wp-block-group-is-layout-flow\">\n<figure class=\"wp-block-gallery columns-3 is-cropped wp-block-gallery-1 is-layout-flex wp-block-gallery-is-layout-flex\"><ul class=\"blocks-gallery-grid\"><li class=\"blocks-gallery-item\"><figure><img loading=\"lazy\" decoding=\"async\" width=\"1024\" height=\"768\" src=\"https:\/\/tobiasfem.hu\/wp-content\/uploads\/\/IMG_4407-1024x768.jpg\" alt=\"\" data-id=\"176\" data-full-url=\"https:\/\/tobiasfem.hu\/wp-content\/uploads\/IMG_4407-scaled.jpg\" data-link=\"https:\/\/tobiasfem.hu\/img_4407\/\" class=\"wp-image-177\" srcset=\"https:\/\/tobiasfem.hu\/wp-content\/uploads\/IMG_4407-1024x768.jpg 1024w, https:\/\/tobiasfem.hu\/wp-content\/uploads\/IMG_4407-300x225.jpg 300w, https:\/\/tobiasfem.hu\/wp-content\/uploads\/IMG_4407-768x576.jpg 768w, https:\/\/tobiasfem.hu\/wp-content\/uploads\/IMG_4407-1536x1152.jpg 1536w, https:\/\/tobiasfem.hu\/wp-content\/uploads\/IMG_4407-2048x1536.jpg 2048w, https:\/\/tobiasfem.hu\/wp-content\/uploads\/IMG_4407-195x146.jpg 195w, https:\/\/tobiasfem.hu\/wp-content\/uploads\/IMG_4407-50x38.jpg 50w, https:\/\/tobiasfem.hu\/wp-content\/uploads\/IMG_4407-100x75.jpg 100w, https:\/\/tobiasfem.hu\/wp-content\/uploads\/IMG_4407-960x720.jpg 960w\" sizes=\"auto, (max-width:767px) 480px, (max-width:1024px) 100vw, 1024px\" \/><figcaption class=\"blocks-gallery-item__caption\">rozsdamentes t\u00e1rol\u00f3<\/figcaption><\/figure><\/li><li class=\"blocks-gallery-item\"><figure><img loading=\"lazy\" decoding=\"async\" width=\"1024\" height=\"768\" src=\"https:\/\/tobiasfem.hu\/wp-content\/uploads\/\/IMG_5656-1024x768.jpg\" alt=\"\" data-id=\"173\" data-full-url=\"https:\/\/tobiasfem.hu\/wp-content\/uploads\/IMG_5656-scaled.jpg\" data-link=\"https:\/\/tobiasfem.hu\/img_5656\/\" class=\"wp-image-174\" srcset=\"https:\/\/tobiasfem.hu\/wp-content\/uploads\/IMG_5656-1024x768.jpg 1024w, https:\/\/tobiasfem.hu\/wp-content\/uploads\/IMG_5656-300x225.jpg 300w, https:\/\/tobiasfem.hu\/wp-content\/uploads\/IMG_5656-768x576.jpg 768w, https:\/\/tobiasfem.hu\/wp-content\/uploads\/IMG_5656-1536x1152.jpg 1536w, https:\/\/tobiasfem.hu\/wp-content\/uploads\/IMG_5656-2048x1536.jpg 2048w, https:\/\/tobiasfem.hu\/wp-content\/uploads\/IMG_5656-195x146.jpg 195w, https:\/\/tobiasfem.hu\/wp-content\/uploads\/IMG_5656-50x38.jpg 50w, https:\/\/tobiasfem.hu\/wp-content\/uploads\/IMG_5656-100x75.jpg 100w, https:\/\/tobiasfem.hu\/wp-content\/uploads\/IMG_5656-960x720.jpg 960w\" sizes=\"auto, (max-width:767px) 480px, (max-width:1024px) 100vw, 1024px\" \/><figcaption class=\"blocks-gallery-item__caption\">horg\u00e1szkocsi<\/figcaption><\/figure><\/li><li class=\"blocks-gallery-item\"><figure><img loading=\"lazy\" decoding=\"async\" width=\"1024\" height=\"768\" src=\"https:\/\/tobiasfem.hu\/wp-content\/uploads\/\/IMG_4530-1024x768.jpg\" alt=\"\" data-id=\"164\" data-full-url=\"https:\/\/tobiasfem.hu\/wp-content\/uploads\/IMG_4530-scaled.jpg\" data-link=\"https:\/\/tobiasfem.hu\/img_4530\/\" class=\"wp-image-165\" srcset=\"https:\/\/tobiasfem.hu\/wp-content\/uploads\/IMG_4530-1024x768.jpg 1024w, https:\/\/tobiasfem.hu\/wp-content\/uploads\/IMG_4530-300x225.jpg 300w, https:\/\/tobiasfem.hu\/wp-content\/uploads\/IMG_4530-768x576.jpg 768w, https:\/\/tobiasfem.hu\/wp-content\/uploads\/IMG_4530-1536x1152.jpg 1536w, https:\/\/tobiasfem.hu\/wp-content\/uploads\/IMG_4530-2048x1536.jpg 2048w, https:\/\/tobiasfem.hu\/wp-content\/uploads\/IMG_4530-195x146.jpg 195w, https:\/\/tobiasfem.hu\/wp-content\/uploads\/IMG_4530-50x38.jpg 50w, https:\/\/tobiasfem.hu\/wp-content\/uploads\/IMG_4530-100x75.jpg 100w, https:\/\/tobiasfem.hu\/wp-content\/uploads\/IMG_4530-960x720.jpg 960w\" sizes=\"auto, (max-width:767px) 480px, (max-width:1024px) 100vw, 1024px\" \/><figcaption class=\"blocks-gallery-item__caption\">rozsdamentes big-bag<\/figcaption><\/figure><\/li><li class=\"blocks-gallery-item\"><figure><img loading=\"lazy\" decoding=\"async\" width=\"1024\" height=\"768\" src=\"https:\/\/tobiasfem.hu\/wp-content\/uploads\/\/IMG_3950-1024x768.jpg\" alt=\"\" data-id=\"161\" data-full-url=\"https:\/\/tobiasfem.hu\/wp-content\/uploads\/IMG_3950-scaled.jpg\" data-link=\"https:\/\/tobiasfem.hu\/img_3950\/\" class=\"wp-image-162\" srcset=\"https:\/\/tobiasfem.hu\/wp-content\/uploads\/IMG_3950-1024x768.jpg 1024w, https:\/\/tobiasfem.hu\/wp-content\/uploads\/IMG_3950-300x225.jpg 300w, https:\/\/tobiasfem.hu\/wp-content\/uploads\/IMG_3950-768x576.jpg 768w, https:\/\/tobiasfem.hu\/wp-content\/uploads\/IMG_3950-1536x1152.jpg 1536w, https:\/\/tobiasfem.hu\/wp-content\/uploads\/IMG_3950-2048x1536.jpg 2048w, https:\/\/tobiasfem.hu\/wp-content\/uploads\/IMG_3950-195x146.jpg 195w, https:\/\/tobiasfem.hu\/wp-content\/uploads\/IMG_3950-50x38.jpg 50w, https:\/\/tobiasfem.hu\/wp-content\/uploads\/IMG_3950-100x75.jpg 100w, https:\/\/tobiasfem.hu\/wp-content\/uploads\/IMG_3950-960x720.jpg 960w\" sizes=\"auto, (max-width:767px) 480px, (max-width:1024px) 100vw, 1024px\" \/><figcaption class=\"blocks-gallery-item__caption\">gy\u00f6mr\u0151i \u00e1llom\u00e1s f\u0151\u00e1ll\u00e1sok<\/figcaption><\/figure><\/li><li class=\"blocks-gallery-item\"><figure><img loading=\"lazy\" decoding=\"async\" width=\"1024\" height=\"768\" src=\"https:\/\/tobiasfem.hu\/wp-content\/uploads\/\/HTO-041-3-1024x768.jpg\" alt=\"\" data-id=\"155\" data-full-url=\"https:\/\/tobiasfem.hu\/wp-content\/uploads\/HTO-041-3-scaled.jpg\" data-link=\"https:\/\/tobiasfem.hu\/hto-041-3\/\" class=\"wp-image-156\" srcset=\"https:\/\/tobiasfem.hu\/wp-content\/uploads\/HTO-041-3-1024x768.jpg 1024w, https:\/\/tobiasfem.hu\/wp-content\/uploads\/HTO-041-3-300x225.jpg 300w, https:\/\/tobiasfem.hu\/wp-content\/uploads\/HTO-041-3-768x576.jpg 768w, https:\/\/tobiasfem.hu\/wp-content\/uploads\/HTO-041-3-1536x1152.jpg 1536w, https:\/\/tobiasfem.hu\/wp-content\/uploads\/HTO-041-3-2048x1536.jpg 2048w, https:\/\/tobiasfem.hu\/wp-content\/uploads\/HTO-041-3-195x146.jpg 195w, https:\/\/tobiasfem.hu\/wp-content\/uploads\/HTO-041-3-50x38.jpg 50w, https:\/\/tobiasfem.hu\/wp-content\/uploads\/HTO-041-3-100x75.jpg 100w, https:\/\/tobiasfem.hu\/wp-content\/uploads\/HTO-041-3-960x720.jpg 960w\" sizes=\"auto, (max-width:767px) 480px, (max-width:1024px) 100vw, 1024px\" \/><\/figure><\/li><li class=\"blocks-gallery-item\"><figure><img loading=\"lazy\" decoding=\"async\" width=\"1024\" height=\"768\" src=\"https:\/\/tobiasfem.hu\/wp-content\/uploads\/\/IMG_5729-1024x768.jpg\" alt=\"\" data-id=\"152\" data-full-url=\"https:\/\/tobiasfem.hu\/wp-content\/uploads\/IMG_5729-scaled.jpg\" data-link=\"https:\/\/tobiasfem.hu\/img_5729\/\" class=\"wp-image-153\" srcset=\"https:\/\/tobiasfem.hu\/wp-content\/uploads\/IMG_5729-1024x768.jpg 1024w, https:\/\/tobiasfem.hu\/wp-content\/uploads\/IMG_5729-300x225.jpg 300w, https:\/\/tobiasfem.hu\/wp-content\/uploads\/IMG_5729-768x576.jpg 768w, https:\/\/tobiasfem.hu\/wp-content\/uploads\/IMG_5729-1536x1152.jpg 1536w, https:\/\/tobiasfem.hu\/wp-content\/uploads\/IMG_5729-2048x1536.jpg 2048w, https:\/\/tobiasfem.hu\/wp-content\/uploads\/IMG_5729-195x146.jpg 195w, https:\/\/tobiasfem.hu\/wp-content\/uploads\/IMG_5729-50x38.jpg 50w, https:\/\/tobiasfem.hu\/wp-content\/uploads\/IMG_5729-100x75.jpg 100w, https:\/\/tobiasfem.hu\/wp-content\/uploads\/IMG_5729-960x720.jpg 960w\" sizes=\"auto, (max-width:767px) 480px, (max-width:1024px) 100vw, 1024px\" \/><\/figure><\/li><li class=\"blocks-gallery-item\"><figure><img loading=\"lazy\" decoding=\"async\" width=\"1024\" height=\"768\" src=\"https:\/\/tobiasfem.hu\/wp-content\/uploads\/\/K\u00c1BELELOSZT\u00d3-FED\u00c9L-1024x768.jpg\" alt=\"\" data-id=\"149\" data-full-url=\"https:\/\/tobiasfem.hu\/wp-content\/uploads\/K\u00c1BELELOSZT\u00d3-FED\u00c9L-scaled.jpg\" data-link=\"https:\/\/tobiasfem.hu\/olympus-digital-camera-5\/\" class=\"wp-image-150\" srcset=\"https:\/\/tobiasfem.hu\/wp-content\/uploads\/K\u00c1BELELOSZT\u00d3-FED\u00c9L-1024x768.jpg 1024w, https:\/\/tobiasfem.hu\/wp-content\/uploads\/K\u00c1BELELOSZT\u00d3-FED\u00c9L-300x225.jpg 300w, https:\/\/tobiasfem.hu\/wp-content\/uploads\/K\u00c1BELELOSZT\u00d3-FED\u00c9L-768x576.jpg 768w, https:\/\/tobiasfem.hu\/wp-content\/uploads\/K\u00c1BELELOSZT\u00d3-FED\u00c9L-1536x1152.jpg 1536w, https:\/\/tobiasfem.hu\/wp-content\/uploads\/K\u00c1BELELOSZT\u00d3-FED\u00c9L-2048x1536.jpg 2048w, https:\/\/tobiasfem.hu\/wp-content\/uploads\/K\u00c1BELELOSZT\u00d3-FED\u00c9L-195x146.jpg 195w, https:\/\/tobiasfem.hu\/wp-content\/uploads\/K\u00c1BELELOSZT\u00d3-FED\u00c9L-50x38.jpg 50w, https:\/\/tobiasfem.hu\/wp-content\/uploads\/K\u00c1BELELOSZT\u00d3-FED\u00c9L-100x75.jpg 100w, https:\/\/tobiasfem.hu\/wp-content\/uploads\/K\u00c1BELELOSZT\u00d3-FED\u00c9L-960x720.jpg 960w\" sizes=\"auto, (max-width:767px) 480px, (max-width:1024px) 100vw, 1024px\" \/><figcaption class=\"blocks-gallery-item__caption\">k\u00e1beleloszt\u00f3 fed\u00e9l<\/figcaption><\/figure><\/li><li class=\"blocks-gallery-item\"><figure><img loading=\"lazy\" decoding=\"async\" width=\"1024\" height=\"768\" src=\"https:\/\/tobiasfem.hu\/wp-content\/uploads\/\/BORD\u00c1ZOTT-FED\u0150LEMEZ-K\u00c1BELAKN\u00c1HOZ-M\u00c1VSZ-2672-72-1024x768.jpg\" alt=\"\" data-id=\"146\" data-full-url=\"https:\/\/tobiasfem.hu\/wp-content\/uploads\/BORD\u00c1ZOTT-FED\u0150LEMEZ-K\u00c1BELAKN\u00c1HOZ-M\u00c1VSZ-2672-72-scaled.jpg\" data-link=\"https:\/\/tobiasfem.hu\/olympus-digital-camera-4\/\" class=\"wp-image-147\" srcset=\"https:\/\/tobiasfem.hu\/wp-content\/uploads\/BORD\u00c1ZOTT-FED\u0150LEMEZ-K\u00c1BELAKN\u00c1HOZ-M\u00c1VSZ-2672-72-1024x768.jpg 1024w, https:\/\/tobiasfem.hu\/wp-content\/uploads\/BORD\u00c1ZOTT-FED\u0150LEMEZ-K\u00c1BELAKN\u00c1HOZ-M\u00c1VSZ-2672-72-300x225.jpg 300w, https:\/\/tobiasfem.hu\/wp-content\/uploads\/BORD\u00c1ZOTT-FED\u0150LEMEZ-K\u00c1BELAKN\u00c1HOZ-M\u00c1VSZ-2672-72-768x576.jpg 768w, https:\/\/tobiasfem.hu\/wp-content\/uploads\/BORD\u00c1ZOTT-FED\u0150LEMEZ-K\u00c1BELAKN\u00c1HOZ-M\u00c1VSZ-2672-72-1536x1152.jpg 1536w, https:\/\/tobiasfem.hu\/wp-content\/uploads\/BORD\u00c1ZOTT-FED\u0150LEMEZ-K\u00c1BELAKN\u00c1HOZ-M\u00c1VSZ-2672-72-2048x1536.jpg 2048w, https:\/\/tobiasfem.hu\/wp-content\/uploads\/BORD\u00c1ZOTT-FED\u0150LEMEZ-K\u00c1BELAKN\u00c1HOZ-M\u00c1VSZ-2672-72-195x146.jpg 195w, https:\/\/tobiasfem.hu\/wp-content\/uploads\/BORD\u00c1ZOTT-FED\u0150LEMEZ-K\u00c1BELAKN\u00c1HOZ-M\u00c1VSZ-2672-72-50x38.jpg 50w, https:\/\/tobiasfem.hu\/wp-content\/uploads\/BORD\u00c1ZOTT-FED\u0150LEMEZ-K\u00c1BELAKN\u00c1HOZ-M\u00c1VSZ-2672-72-100x75.jpg 100w, https:\/\/tobiasfem.hu\/wp-content\/uploads\/BORD\u00c1ZOTT-FED\u0150LEMEZ-K\u00c1BELAKN\u00c1HOZ-M\u00c1VSZ-2672-72-960x720.jpg 960w\" sizes=\"auto, (max-width:767px) 480px, (max-width:1024px) 100vw, 1024px\" \/><figcaption class=\"blocks-gallery-item__caption\">bord\u00e1zott fed\u0151lemez akn\u00e1hoz<\/figcaption><\/figure><\/li><li class=\"blocks-gallery-item\"><figure><img loading=\"lazy\" decoding=\"async\" width=\"1024\" height=\"768\" src=\"https:\/\/tobiasfem.hu\/wp-content\/uploads\/\/AC\u00c9LCSATORNA-20-AS-M\u00c1VSZ-2239-78-554-050-2-1024x768.jpg\" alt=\"\" data-id=\"143\" data-full-url=\"https:\/\/tobiasfem.hu\/wp-content\/uploads\/AC\u00c9LCSATORNA-20-AS-M\u00c1VSZ-2239-78-554-050-2-scaled.jpg\" data-link=\"https:\/\/tobiasfem.hu\/olympus-digital-camera-3\/\" class=\"wp-image-144\" srcset=\"https:\/\/tobiasfem.hu\/wp-content\/uploads\/AC\u00c9LCSATORNA-20-AS-M\u00c1VSZ-2239-78-554-050-2-1024x768.jpg 1024w, https:\/\/tobiasfem.hu\/wp-content\/uploads\/AC\u00c9LCSATORNA-20-AS-M\u00c1VSZ-2239-78-554-050-2-300x225.jpg 300w, https:\/\/tobiasfem.hu\/wp-content\/uploads\/AC\u00c9LCSATORNA-20-AS-M\u00c1VSZ-2239-78-554-050-2-768x576.jpg 768w, https:\/\/tobiasfem.hu\/wp-content\/uploads\/AC\u00c9LCSATORNA-20-AS-M\u00c1VSZ-2239-78-554-050-2-1536x1152.jpg 1536w, https:\/\/tobiasfem.hu\/wp-content\/uploads\/AC\u00c9LCSATORNA-20-AS-M\u00c1VSZ-2239-78-554-050-2-2048x1536.jpg 2048w, https:\/\/tobiasfem.hu\/wp-content\/uploads\/AC\u00c9LCSATORNA-20-AS-M\u00c1VSZ-2239-78-554-050-2-195x146.jpg 195w, https:\/\/tobiasfem.hu\/wp-content\/uploads\/AC\u00c9LCSATORNA-20-AS-M\u00c1VSZ-2239-78-554-050-2-50x38.jpg 50w, https:\/\/tobiasfem.hu\/wp-content\/uploads\/AC\u00c9LCSATORNA-20-AS-M\u00c1VSZ-2239-78-554-050-2-100x75.jpg 100w, https:\/\/tobiasfem.hu\/wp-content\/uploads\/AC\u00c9LCSATORNA-20-AS-M\u00c1VSZ-2239-78-554-050-2-960x720.jpg 960w\" sizes=\"auto, (max-width:767px) 480px, (max-width:1024px) 100vw, 1024px\" \/><figcaption class=\"blocks-gallery-item__caption\">ac\u00e9lcsatorna<\/figcaption><\/figure><\/li><li class=\"blocks-gallery-item\"><figure><img loading=\"lazy\" decoding=\"async\" width=\"1024\" height=\"768\" src=\"https:\/\/tobiasfem.hu\/wp-content\/uploads\/\/4-LPH-F\u00c9NYJELZ\u0150-1024x768.jpg\" alt=\"\" data-id=\"140\" data-full-url=\"https:\/\/tobiasfem.hu\/wp-content\/uploads\/4-LPH-F\u00c9NYJELZ\u0150-scaled.jpg\" data-link=\"https:\/\/tobiasfem.hu\/olympus-digital-camera-2\/\" class=\"wp-image-141\" srcset=\"https:\/\/tobiasfem.hu\/wp-content\/uploads\/4-LPH-F\u00c9NYJELZ\u0150-1024x768.jpg 1024w, https:\/\/tobiasfem.hu\/wp-content\/uploads\/4-LPH-F\u00c9NYJELZ\u0150-300x225.jpg 300w, https:\/\/tobiasfem.hu\/wp-content\/uploads\/4-LPH-F\u00c9NYJELZ\u0150-768x576.jpg 768w, https:\/\/tobiasfem.hu\/wp-content\/uploads\/4-LPH-F\u00c9NYJELZ\u0150-1536x1152.jpg 1536w, https:\/\/tobiasfem.hu\/wp-content\/uploads\/4-LPH-F\u00c9NYJELZ\u0150-2048x1536.jpg 2048w, https:\/\/tobiasfem.hu\/wp-content\/uploads\/4-LPH-F\u00c9NYJELZ\u0150-195x146.jpg 195w, https:\/\/tobiasfem.hu\/wp-content\/uploads\/4-LPH-F\u00c9NYJELZ\u0150-50x38.jpg 50w, https:\/\/tobiasfem.hu\/wp-content\/uploads\/4-LPH-F\u00c9NYJELZ\u0150-100x75.jpg 100w, https:\/\/tobiasfem.hu\/wp-content\/uploads\/4-LPH-F\u00c9NYJELZ\u0150-960x720.jpg 960w\" sizes=\"auto, (max-width:767px) 480px, (max-width:1024px) 100vw, 1024px\" \/><figcaption class=\"blocks-gallery-item__caption\">f\u00e9nyjelz\u0151<\/figcaption><\/figure><\/li><li class=\"blocks-gallery-item\"><figure><img loading=\"lazy\" decoding=\"async\" width=\"1024\" height=\"768\" src=\"https:\/\/tobiasfem.hu\/wp-content\/uploads\/\/AC\u00c9L-V\u00c9D\u0150SZEKR\u00c9NY-M\u00c1VSZ-1394-554-061-1024x768.jpg\" alt=\"\" data-id=\"137\" data-full-url=\"https:\/\/tobiasfem.hu\/wp-content\/uploads\/AC\u00c9L-V\u00c9D\u0150SZEKR\u00c9NY-M\u00c1VSZ-1394-554-061-scaled.jpg\" data-link=\"https:\/\/tobiasfem.hu\/olympus-digital-camera\/\" class=\"wp-image-138\" srcset=\"https:\/\/tobiasfem.hu\/wp-content\/uploads\/AC\u00c9L-V\u00c9D\u0150SZEKR\u00c9NY-M\u00c1VSZ-1394-554-061-1024x768.jpg 1024w, https:\/\/tobiasfem.hu\/wp-content\/uploads\/AC\u00c9L-V\u00c9D\u0150SZEKR\u00c9NY-M\u00c1VSZ-1394-554-061-300x225.jpg 300w, https:\/\/tobiasfem.hu\/wp-content\/uploads\/AC\u00c9L-V\u00c9D\u0150SZEKR\u00c9NY-M\u00c1VSZ-1394-554-061-768x576.jpg 768w, https:\/\/tobiasfem.hu\/wp-content\/uploads\/AC\u00c9L-V\u00c9D\u0150SZEKR\u00c9NY-M\u00c1VSZ-1394-554-061-1536x1152.jpg 1536w, https:\/\/tobiasfem.hu\/wp-content\/uploads\/AC\u00c9L-V\u00c9D\u0150SZEKR\u00c9NY-M\u00c1VSZ-1394-554-061-2048x1536.jpg 2048w, https:\/\/tobiasfem.hu\/wp-content\/uploads\/AC\u00c9L-V\u00c9D\u0150SZEKR\u00c9NY-M\u00c1VSZ-1394-554-061-195x146.jpg 195w, https:\/\/tobiasfem.hu\/wp-content\/uploads\/AC\u00c9L-V\u00c9D\u0150SZEKR\u00c9NY-M\u00c1VSZ-1394-554-061-50x38.jpg 50w, https:\/\/tobiasfem.hu\/wp-content\/uploads\/AC\u00c9L-V\u00c9D\u0150SZEKR\u00c9NY-M\u00c1VSZ-1394-554-061-100x75.jpg 100w, https:\/\/tobiasfem.hu\/wp-content\/uploads\/AC\u00c9L-V\u00c9D\u0150SZEKR\u00c9NY-M\u00c1VSZ-1394-554-061-960x720.jpg 960w\" sizes=\"auto, (max-width:767px) 480px, (max-width:1024px) 100vw, 1024px\" \/><figcaption class=\"blocks-gallery-item__caption\">ac\u00e9l v\u00e9d\u0151szekr\u00e9ny<\/figcaption><\/figure><\/li><li class=\"blocks-gallery-item\"><figure><img loading=\"lazy\" decoding=\"async\" width=\"1024\" height=\"768\" src=\"https:\/\/tobiasfem.hu\/wp-content\/uploads\/\/IMG_5467-1024x768.jpg\" alt=\"\" data-id=\"170\" data-full-url=\"https:\/\/tobiasfem.hu\/wp-content\/uploads\/IMG_5467-scaled.jpg\" data-link=\"https:\/\/tobiasfem.hu\/img_5467\/\" class=\"wp-image-171\" srcset=\"https:\/\/tobiasfem.hu\/wp-content\/uploads\/IMG_5467-1024x768.jpg 1024w, https:\/\/tobiasfem.hu\/wp-content\/uploads\/IMG_5467-300x225.jpg 300w, https:\/\/tobiasfem.hu\/wp-content\/uploads\/IMG_5467-768x576.jpg 768w, https:\/\/tobiasfem.hu\/wp-content\/uploads\/IMG_5467-1536x1152.jpg 1536w, https:\/\/tobiasfem.hu\/wp-content\/uploads\/IMG_5467-2048x1536.jpg 2048w, https:\/\/tobiasfem.hu\/wp-content\/uploads\/IMG_5467-195x146.jpg 195w, https:\/\/tobiasfem.hu\/wp-content\/uploads\/IMG_5467-50x38.jpg 50w, https:\/\/tobiasfem.hu\/wp-content\/uploads\/IMG_5467-100x75.jpg 100w, https:\/\/tobiasfem.hu\/wp-content\/uploads\/IMG_5467-960x720.jpg 960w\" sizes=\"auto, (max-width:767px) 480px, (max-width:1024px) 100vw, 1024px\" \/><figcaption class=\"blocks-gallery-item__caption\">kertil\u00e1mp\u00e1k<\/figcaption><\/figure><\/li><\/ul><\/figure>\n<\/div><\/div>\n","protected":false},"excerpt":{"rendered":"","protected":false},"author":1,"featured_media":0,"parent":0,"menu_order":0,"comment_status":"closed","ping_status":"closed","template":"","meta":{"footnotes":""},"class_list":["post-205","page","type-page","status-publish","hentry"],"_links":{"self":[{"href":"https:\/\/tobiasfem.hu\/en\/wp-json\/wp\/v2\/pages\/205","targetHints":{"allow":["GET"]}}],"collection":[{"href":"https:\/\/tobiasfem.hu\/en\/wp-json\/wp\/v2\/pages"}],"about":[{"href":"https:\/\/tobiasfem.hu\/en\/wp-json\/wp\/v2\/types\/page"}],"author":[{"embeddable":true,"href":"https:\/\/tobiasfem.hu\/en\/wp-json\/wp\/v2\/users\/1"}],"replies":[{"embeddable":true,"href":"https:\/\/tobiasfem.hu\/en\/wp-json\/wp\/v2\/comments?post=205"}],"version-history":[{"count":4,"href":"https:\/\/tobiasfem.hu\/en\/wp-json\/wp\/v2\/pages\/205\/revisions"}],"predecessor-version":[{"id":498,"href":"https:\/\/tobiasfem.hu\/en\/wp-json\/wp\/v2\/pages\/205\/revisions\/498"}],"wp:attachment":[{"href":"https:\/\/tobiasfem.hu\/en\/wp-json\/wp\/v2\/media?parent=205"}],"curies":[{"name":"wp","href":"https:\/\/api.w.org\/{rel}","templated":true}]}}